{"id":2043,"date":"2025-01-29T15:15:12","date_gmt":"2025-01-29T15:15:12","guid":{"rendered":"https:\/\/akilaconsulting.com\/perspectives-2\/"},"modified":"2025-05-13T08:54:41","modified_gmt":"2025-05-13T08:54:41","slug":"perspectives-2","status":"publish","type":"page","link":"https:\/\/akilaconsulting.com\/fr\/perspectives-2\/","title":{"rendered":"Perspectives"},"content":{"rendered":"\t\t<div data-elementor-type=\"wp-page\" data-elementor-id=\"2043\" class=\"elementor elementor-2043 elementor-806\" data-elementor-post-type=\"page\">\n\t\t\t\t<div class=\"elementor-element elementor-element-2cd5709d e-flex e-con-boxed e-con e-parent\" data-id=\"2cd5709d\" data-element_type=\"container\" data-e-type=\"container\" data-settings=\"{&quot;background_background&quot;:&quot;classic&quot;}\">\n\t\t\t\t\t<div class=\"e-con-inner\">\n\t\t<div class=\"elementor-element elementor-element-1877bde2 e-flex e-con-boxed e-con e-child\" data-id=\"1877bde2\" data-element_type=\"container\" data-e-type=\"container\">\n\t\t\t\t\t<div class=\"e-con-inner\">\n\t\t\t\t<div class=\"elementor-element elementor-element-6ef1c005 elementor-invisible elementor-widget elementor-widget-heading\" data-id=\"6ef1c005\" data-element_type=\"widget\" data-e-type=\"widget\" data-settings=\"{&quot;_animation&quot;:&quot;fadeInUp&quot;,&quot;_animation_delay&quot;:200}\" data-widget_type=\"heading.default\">\n\t\t\t\t<div class=\"elementor-widget-container\">\n\t\t\t\t\t<h1 class=\"elementor-heading-title elementor-size-default\">Perspectives mondiales, strat\u00e9gies fond\u00e9es sur les donn\u00e9es et actualit\u00e9s du secteur<\/h1>\t\t\t\t<\/div>\n\t\t\t\t<\/div>\n\t\t\t\t<div class=\"elementor-element elementor-element-d58bfd2 elementor-tablet-align-justify elementor-align-center elementor-widget elementor-widget-button\" data-id=\"d58bfd2\" data-element_type=\"widget\" data-e-type=\"widget\" data-widget_type=\"button.default\">\n\t\t\t\t<div class=\"elementor-widget-container\">\n\t\t\t\t\t\t\t\t\t<div class=\"elementor-button-wrapper\">\n\t\t\t\t\t<a class=\"elementor-button elementor-button-link elementor-size-sm elementor-animation-wobble-horizontal\" href=\"https:\/\/www.linkedin.com\/company\/akilaconsulting\/about\/?viewAsMember=true\" target=\"_blank\">\n\t\t\t\t\t\t<span class=\"elementor-button-content-wrapper\">\n\t\t\t\t\t\t\t\t\t<span class=\"elementor-button-text\">Suivez nos derni\u00e8res actualit\u00e9s<\/span>\n\t\t\t\t\t<\/span>\n\t\t\t\t\t<\/a>\n\t\t\t\t<\/div>\n\t\t\t\t\t\t\t\t<\/div>\n\t\t\t\t<\/div>\n\t\t\t\t\t<\/div>\n\t\t\t\t<\/div>\n\t\t\t\t<div class=\"elementor-element elementor-element-4503140 elementor-widget__width-inherit elementor-widget elementor-widget-image\" data-id=\"4503140\" data-element_type=\"widget\" data-e-type=\"widget\" data-widget_type=\"image.default\">\n\t\t\t\t<div class=\"elementor-widget-container\">\n\t\t\t\t\t\t\t\t\t\t\t\t\t\t\t\t<a href=\"#suite\">\n\t\t\t\t\t\t\t<img decoding=\"async\" src=\"http:\/\/akilaconsulting.com\/wp-content\/uploads\/2025\/03\/Downward-Arrows-1.gif\" title=\"\" alt=\"\" loading=\"lazy\" \/>\t\t\t\t\t\t\t\t<\/a>\n\t\t\t\t\t\t\t\t\t\t\t\t\t\t\t<\/div>\n\t\t\t\t<\/div>\n\t\t\t\t\t<\/div>\n\t\t\t\t<\/div>\n\t\t<div class=\"elementor-element elementor-element-7620b3ca e-flex e-con-boxed e-con e-parent\" data-id=\"7620b3ca\" data-element_type=\"container\" data-e-type=\"container\">\n\t\t\t\t\t<div class=\"e-con-inner\">\n\t\t<div class=\"elementor-element elementor-element-23b67d11 e-con-full e-flex elementor-invisible e-con e-child\" data-id=\"23b67d11\" data-element_type=\"container\" data-e-type=\"container\" data-settings=\"{&quot;animation&quot;:&quot;fadeInUp&quot;}\">\n\t\t\t\t<div class=\"elementor-element elementor-element-e4275ea elementor-widget elementor-widget-menu-anchor\" data-id=\"e4275ea\" data-element_type=\"widget\" data-e-type=\"widget\" data-widget_type=\"menu-anchor.default\">\n\t\t\t\t<div class=\"elementor-widget-container\">\n\t\t\t\t\t\t\t<div class=\"elementor-menu-anchor\" id=\"suite\"><\/div>\n\t\t\t\t\t\t<\/div>\n\t\t\t\t<\/div>\n\t\t\t\t<div class=\"elementor-element elementor-element-593adde0 elementor-widget elementor-widget-heading\" data-id=\"593adde0\" data-element_type=\"widget\" data-e-type=\"widget\" data-widget_type=\"heading.default\">\n\t\t\t\t<div class=\"elementor-widget-container\">\n\t\t\t\t\t<h2 class=\"elementor-heading-title elementor-size-default\">D\u00e9couvrez toutes les derni\u00e8res nouvelles de Spencer Conseil, experts en assurance<\/h2>\t\t\t\t<\/div>\n\t\t\t\t<\/div>\n\t\t\t\t<\/div>\n\t\t\t\t<div class=\"elementor-element elementor-element-616ad1e elementor-grid-3 elementor-grid-tablet-2 elementor-grid-mobile-1 elementor-widget elementor-widget-portfolio\" data-id=\"616ad1e\" data-element_type=\"widget\" data-e-type=\"widget\" data-settings=\"{&quot;columns&quot;:&quot;3&quot;,&quot;columns_tablet&quot;:&quot;2&quot;,&quot;columns_mobile&quot;:&quot;1&quot;,&quot;item_ratio&quot;:{&quot;unit&quot;:&quot;px&quot;,&quot;size&quot;:0.66,&quot;sizes&quot;:[]},&quot;item_gap&quot;:{&quot;unit&quot;:&quot;px&quot;,&quot;size&quot;:&quot;&quot;,&quot;sizes&quot;:[]},&quot;row_gap&quot;:{&quot;unit&quot;:&quot;px&quot;,&quot;size&quot;:&quot;&quot;,&quot;sizes&quot;:[]}}\" data-widget_type=\"portfolio.default\">\n\t\t\t\t<div class=\"elementor-widget-container\">\n\t\t\t\t\t\t\t<ul class=\"elementor-portfolio__filters\">\n\t\t\t<li class=\"elementor-portfolio__filter elementor-active\" tabindex=\"0\" data-filter=\"__all\">Tout<\/li>\n\t\t\t\t\t\t\t<li class=\"elementor-portfolio__filter\" tabindex=\"0\" data-filter=\"27\">Actualit\u00e9s<\/li>\n\t\t\t\t\t\t\t<li class=\"elementor-portfolio__filter\" tabindex=\"0\" data-filter=\"31\">Fiche d&#039;information<\/li>\n\t\t\t\t\t\t\t<li class=\"elementor-portfolio__filter\" tabindex=\"0\" data-filter=\"30\">Perspectives<\/li>\n\t\t\t\t\t<\/ul>\n\t\t\t\t<div class=\"elementor-portfolio elementor-grid elementor-posts-container\" role=\"list\">\n\t\t\t\t<article class=\"elementor-portfolio-item elementor-post elementor-filter-27 post-1935 post type-post status-publish format-standard has-post-thumbnail hentry category-actualites\" role=\"listitem\">\n\t\t\t<a class=\"elementor-post__thumbnail__link\" href=\"https:\/\/akilaconsulting.com\/fr\/2025\/02\/10\/augmentations-des-primes-liees-a-la-covid\/\">\n\t\t\t\t<div class=\"elementor-portfolio-item__img elementor-post__thumbnail\">\n\t\t\t<img fetchpriority=\"high\" decoding=\"async\" width=\"300\" height=\"242\" src=\"https:\/\/akilaconsulting.com\/wp-content\/uploads\/2025\/02\/assurance-covid-495x400-1-300x242.jpg\" class=\"attachment-medium size-medium wp-image-1910\" alt=\"\" srcset=\"https:\/\/akilaconsulting.com\/wp-content\/uploads\/2025\/02\/assurance-covid-495x400-1-300x242.jpg 300w, https:\/\/akilaconsulting.com\/wp-content\/uploads\/2025\/02\/assurance-covid-495x400-1.jpg 495w\" sizes=\"(max-width: 300px) 100vw, 300px\" \/>\t\t<\/div>\n\t\t\t\t<div class=\"elementor-portfolio-item__overlay\">\n\t\t\t\t<h3 class=\"elementor-portfolio-item__title\">\n\t\tAugmentations des primes li\u00e9es \u00e0 la COVID\t\t<\/h3>\n\t\t\t\t<\/div>\n\t\t\t\t<\/a>\n\t\t<\/article>\n\t\t\t\t<article class=\"elementor-portfolio-item elementor-post elementor-filter-27 post-1938 post type-post status-publish format-standard has-post-thumbnail hentry category-actualites\" role=\"listitem\">\n\t\t\t<a class=\"elementor-post__thumbnail__link\" href=\"https:\/\/akilaconsulting.com\/fr\/2025\/02\/10\/inondations-en-europe-centrale-limportance-dune-strategie-doptimisation-des-assurances-face-aux-catastrophes-naturelles\/\">\n\t\t\t\t<div class=\"elementor-portfolio-item__img elementor-post__thumbnail\">\n\t\t\t<img decoding=\"async\" width=\"300\" height=\"242\" src=\"https:\/\/akilaconsulting.com\/wp-content\/uploads\/2025\/02\/Image-article-innondation-europe-495x400-1-300x242.png\" class=\"attachment-medium size-medium wp-image-1908\" alt=\"\" srcset=\"https:\/\/akilaconsulting.com\/wp-content\/uploads\/2025\/02\/Image-article-innondation-europe-495x400-1-300x242.png 300w, https:\/\/akilaconsulting.com\/wp-content\/uploads\/2025\/02\/Image-article-innondation-europe-495x400-1.png 495w\" sizes=\"(max-width: 300px) 100vw, 300px\" \/>\t\t<\/div>\n\t\t\t\t<div class=\"elementor-portfolio-item__overlay\">\n\t\t\t\t<h3 class=\"elementor-portfolio-item__title\">\n\t\t\u00ab Inondations en Europe centrale : L&rsquo;importance d&rsquo;une strat\u00e9gie d&rsquo;optimisation des assurances face aux catastrophes naturelles \u00bb\t\t<\/h3>\n\t\t\t\t<\/div>\n\t\t\t\t<\/a>\n\t\t<\/article>\n\t\t\t\t<article class=\"elementor-portfolio-item elementor-post elementor-filter-27 elementor-filter-31 elementor-filter-30 post-2054 post type-post status-publish format-standard has-post-thumbnail hentry category-actualites category-fiche-dinformation category-perspectives\" role=\"listitem\">\n\t\t\t<a class=\"elementor-post__thumbnail__link\" href=\"https:\/\/akilaconsulting.com\/fr\/2025\/02\/10\/comment-lassurance-de-personnes-peut-elle-prevenir-et-soutenir-les-entreprises-face-au-cancer-du-sein\/\">\n\t\t\t\t<div class=\"elementor-portfolio-item__img elementor-post__thumbnail\">\n\t\t\t<img decoding=\"async\" width=\"300\" height=\"242\" src=\"https:\/\/akilaconsulting.com\/wp-content\/uploads\/2025\/02\/Octobre-rose-1-495x400-1-300x242.jpg\" class=\"attachment-medium size-medium wp-image-1906\" alt=\"\" srcset=\"https:\/\/akilaconsulting.com\/wp-content\/uploads\/2025\/02\/Octobre-rose-1-495x400-1-300x242.jpg 300w, https:\/\/akilaconsulting.com\/wp-content\/uploads\/2025\/02\/Octobre-rose-1-495x400-1.jpg 495w\" sizes=\"(max-width: 300px) 100vw, 300px\" \/>\t\t<\/div>\n\t\t\t\t<div class=\"elementor-portfolio-item__overlay\">\n\t\t\t\t<h3 class=\"elementor-portfolio-item__title\">\n\t\tComment l&rsquo;assurance de personnes peut-elle pr\u00e9venir et soutenir les entreprises face au cancer du sein ?\t\t<\/h3>\n\t\t\t\t<\/div>\n\t\t\t\t<\/a>\n\t\t<\/article>\n\t\t\t\t<article class=\"elementor-portfolio-item elementor-post elementor-filter-27 post-2046 post type-post status-publish format-standard has-post-thumbnail hentry category-actualites\" role=\"listitem\">\n\t\t\t<a class=\"elementor-post__thumbnail__link\" href=\"https:\/\/akilaconsulting.com\/fr\/2025\/02\/10\/tendances-actuelles-en-assurance-iard-comment-optimiser-vos-contrats-pour-2025\/\">\n\t\t\t\t<div class=\"elementor-portfolio-item__img elementor-post__thumbnail\">\n\t\t\t<img loading=\"lazy\" decoding=\"async\" width=\"300\" height=\"242\" src=\"https:\/\/akilaconsulting.com\/wp-content\/uploads\/2025\/02\/Untitled-design-1-495x400-1-300x242.jpg\" class=\"attachment-medium size-medium wp-image-1904\" alt=\"\" srcset=\"https:\/\/akilaconsulting.com\/wp-content\/uploads\/2025\/02\/Untitled-design-1-495x400-1-300x242.jpg 300w, https:\/\/akilaconsulting.com\/wp-content\/uploads\/2025\/02\/Untitled-design-1-495x400-1.jpg 495w\" sizes=\"(max-width: 300px) 100vw, 300px\" \/>\t\t<\/div>\n\t\t\t\t<div class=\"elementor-portfolio-item__overlay\">\n\t\t\t\t<h3 class=\"elementor-portfolio-item__title\">\n\t\tTendances actuelles en assurance IARD : Comment optimiser vos contrats pour 2025.\t\t<\/h3>\n\t\t\t\t<\/div>\n\t\t\t\t<\/a>\n\t\t<\/article>\n\t\t\t\t<article class=\"elementor-portfolio-item elementor-post elementor-filter-27 post-1934 post type-post status-publish format-standard has-post-thumbnail hentry category-actualites\" role=\"listitem\">\n\t\t\t<a class=\"elementor-post__thumbnail__link\" href=\"https:\/\/akilaconsulting.com\/fr\/2025\/02\/10\/une-histoire-de-reussite-comment-une-entreprise-de-taille-moyenne-a-economise-18-sur-ses-primes-dassurance\/\">\n\t\t\t\t<div class=\"elementor-portfolio-item__img elementor-post__thumbnail\">\n\t\t\t<img loading=\"lazy\" decoding=\"async\" width=\"300\" height=\"127\" src=\"https:\/\/akilaconsulting.com\/wp-content\/uploads\/2025\/02\/Untitled-design-1000x423-1-300x127.png\" class=\"attachment-medium size-medium wp-image-1902\" alt=\"\" srcset=\"https:\/\/akilaconsulting.com\/wp-content\/uploads\/2025\/02\/Untitled-design-1000x423-1-300x127.png 300w, https:\/\/akilaconsulting.com\/wp-content\/uploads\/2025\/02\/Untitled-design-1000x423-1-768x325.png 768w, https:\/\/akilaconsulting.com\/wp-content\/uploads\/2025\/02\/Untitled-design-1000x423-1.png 1000w\" sizes=\"(max-width: 300px) 100vw, 300px\" \/>\t\t<\/div>\n\t\t\t\t<div class=\"elementor-portfolio-item__overlay\">\n\t\t\t\t<h3 class=\"elementor-portfolio-item__title\">\n\t\tUne histoire de r\u00e9ussite : Comment une entreprise de taille moyenne a \u00e9conomis\u00e9 18 % sur ses primes d&rsquo;assurance.\t\t<\/h3>\n\t\t\t\t<\/div>\n\t\t\t\t<\/a>\n\t\t<\/article>\n\t\t\t\t<\/div>\n\t\t\t\t\t\t<\/div>\n\t\t\t\t<\/div>\n\t\t\t\t\t<\/div>\n\t\t\t\t<\/div>\n\t\t<div class=\"elementor-element elementor-element-5d7c194a e-flex e-con-boxed e-con e-parent\" data-id=\"5d7c194a\" data-element_type=\"container\" data-e-type=\"container\" data-settings=\"{&quot;background_background&quot;:&quot;classic&quot;}\">\n\t\t\t\t\t<div class=\"e-con-inner\">\n\t\t<div class=\"elementor-element elementor-element-73e2c8ee e-flex e-con-boxed e-con e-child\" data-id=\"73e2c8ee\" data-element_type=\"container\" data-e-type=\"container\">\n\t\t\t\t\t<div class=\"e-con-inner\">\n\t\t\t\t<div class=\"elementor-element elementor-element-24d225ee elementor-widget elementor-widget-heading\" data-id=\"24d225ee\" data-element_type=\"widget\" data-e-type=\"widget\" data-widget_type=\"heading.default\">\n\t\t\t\t<div class=\"elementor-widget-container\">\n\t\t\t\t\t<h2 class=\"elementor-heading-title elementor-size-default\">Maximisez les \u00e9conomies, renforcez la couverture<\/h2>\t\t\t\t<\/div>\n\t\t\t\t<\/div>\n\t\t\t\t<div class=\"elementor-element elementor-element-2ac90180 elementor-align-center elementor-widget elementor-widget-button\" data-id=\"2ac90180\" data-element_type=\"widget\" data-e-type=\"widget\" data-widget_type=\"button.default\">\n\t\t\t\t<div class=\"elementor-widget-container\">\n\t\t\t\t\t\t\t\t\t<div class=\"elementor-button-wrapper\">\n\t\t\t\t\t<a class=\"elementor-button elementor-button-link elementor-size-sm\" href=\"https:\/\/akilaconsulting.com\/contact-us\/#suite\">\n\t\t\t\t\t\t<span class=\"elementor-button-content-wrapper\">\n\t\t\t\t\t\t\t\t\t<span class=\"elementor-button-text\">Dialoguons !<\/span>\n\t\t\t\t\t<\/span>\n\t\t\t\t\t<\/a>\n\t\t\t\t<\/div>\n\t\t\t\t\t\t\t\t<\/div>\n\t\t\t\t<\/div>\n\t\t\t\t\t<\/div>\n\t\t\t\t<\/div>\n\t\t\t\t\t<\/div>\n\t\t\t\t<\/div>\n\t\t\t\t<\/div>\n\t\t","protected":false},"excerpt":{"rendered":"<p>Perspectives mondiales, strat\u00e9gies fond\u00e9es sur les donn\u00e9es et actualit\u00e9s du secteur Suivez nos derni\u00e8res actualit\u00e9s D\u00e9couvrez toutes les derni\u00e8res nouvelles de Spencer Conseil, experts en assurance Maximisez les \u00e9conomies, renforcez la couverture Dialoguons !<\/p>\n","protected":false},"author":1,"featured_media":0,"parent":0,"menu_order":0,"comment_status":"closed","ping_status":"closed","template":"elementor_header_footer","meta":{"footnotes":""},"class_list":["post-2043","page","type-page","status-publish","hentry"],"_links":{"self":[{"href":"https:\/\/akilaconsulting.com\/fr\/wp-json\/wp\/v2\/pages\/2043","targetHints":{"allow":["GET"]}}],"collection":[{"href":"https:\/\/akilaconsulting.com\/fr\/wp-json\/wp\/v2\/pages"}],"about":[{"href":"https:\/\/akilaconsulting.com\/fr\/wp-json\/wp\/v2\/types\/page"}],"author":[{"embeddable":true,"href":"https:\/\/akilaconsulting.com\/fr\/wp-json\/wp\/v2\/users\/1"}],"replies":[{"embeddable":true,"href":"https:\/\/akilaconsulting.com\/fr\/wp-json\/wp\/v2\/comments?post=2043"}],"version-history":[{"count":1,"href":"https:\/\/akilaconsulting.com\/fr\/wp-json\/wp\/v2\/pages\/2043\/revisions"}],"predecessor-version":[{"id":2045,"href":"https:\/\/akilaconsulting.com\/fr\/wp-json\/wp\/v2\/pages\/2043\/revisions\/2045"}],"wp:attachment":[{"href":"https:\/\/akilaconsulting.com\/fr\/wp-json\/wp\/v2\/media?parent=2043"}],"curies":[{"name":"wp","href":"https:\/\/api.w.org\/{rel}","templated":true}]}}