{"id":2031,"date":"2025-01-29T11:33:27","date_gmt":"2025-01-29T11:33:27","guid":{"rendered":"https:\/\/akilaconsulting.com\/cas-detude-2\/"},"modified":"2025-05-13T08:54:28","modified_gmt":"2025-05-13T08:54:28","slug":"cas-detude-2","status":"publish","type":"page","link":"https:\/\/akilaconsulting.com\/fr\/cas-detude-2\/","title":{"rendered":"Cas d&rsquo;\u00c9tude 2"},"content":{"rendered":"\t\t<div data-elementor-type=\"wp-page\" data-elementor-id=\"2031\" class=\"elementor elementor-2031 elementor-779\" data-elementor-post-type=\"page\">\n\t\t\t\t<div class=\"elementor-element elementor-element-56305b9b e-flex e-con-boxed e-con e-parent\" data-id=\"56305b9b\" data-element_type=\"container\" data-e-type=\"container\" data-settings=\"{&quot;background_background&quot;:&quot;classic&quot;}\">\n\t\t\t\t\t<div class=\"e-con-inner\">\n\t\t<div class=\"elementor-element elementor-element-70ee1781 e-con-full e-flex e-con e-child\" data-id=\"70ee1781\" data-element_type=\"container\" data-e-type=\"container\">\n\t\t\t\t<div class=\"elementor-element elementor-element-5f8340bc elementor-invisible elementor-widget elementor-widget-heading\" data-id=\"5f8340bc\" data-element_type=\"widget\" data-e-type=\"widget\" data-settings=\"{&quot;_animation&quot;:&quot;fadeInUp&quot;,&quot;_animation_delay&quot;:200}\" data-widget_type=\"heading.default\">\n\t\t\t\t<div class=\"elementor-widget-container\">\n\t\t\t\t\t<h1 class=\"elementor-heading-title elementor-size-default\">Cas d'Affaires <\/h1>\t\t\t\t<\/div>\n\t\t\t\t<\/div>\n\t\t\t\t<div class=\"elementor-element elementor-element-58b39336 elementor-invisible elementor-widget elementor-widget-heading\" data-id=\"58b39336\" data-element_type=\"widget\" data-e-type=\"widget\" data-settings=\"{&quot;_animation&quot;:&quot;fadeInUp&quot;,&quot;_animation_delay&quot;:300}\" data-widget_type=\"heading.default\">\n\t\t\t\t<div class=\"elementor-widget-container\">\n\t\t\t\t\t<h2 class=\"elementor-heading-title elementor-size-default\">Fabricant Leader de Services Alimentaires Professionnels<\/h2>\t\t\t\t<\/div>\n\t\t\t\t<\/div>\n\t\t\t\t<div class=\"elementor-element elementor-element-de42e9d elementor-widget__width-inherit elementor-widget elementor-widget-global elementor-global-1434 elementor-widget-image\" data-id=\"de42e9d\" data-element_type=\"widget\" data-e-type=\"widget\" data-widget_type=\"image.default\">\n\t\t\t\t<div class=\"elementor-widget-container\">\n\t\t\t\t\t\t\t\t\t\t\t\t\t\t\t\t<a href=\"#suite\">\n\t\t\t\t\t\t\t<img decoding=\"async\" src=\"http:\/\/akilaconsulting.com\/wp-content\/uploads\/2025\/03\/Downward-Arrows-1.gif\" title=\"\" alt=\"\" loading=\"lazy\" \/>\t\t\t\t\t\t\t\t<\/a>\n\t\t\t\t\t\t\t\t\t\t\t\t\t\t\t<\/div>\n\t\t\t\t<\/div>\n\t\t\t\t<\/div>\n\t\t\t\t\t<\/div>\n\t\t\t\t<\/div>\n\t\t<div class=\"elementor-element elementor-element-4cc71fb0 e-flex e-con-boxed e-con e-parent\" data-id=\"4cc71fb0\" data-element_type=\"container\" data-e-type=\"container\">\n\t\t\t\t\t<div class=\"e-con-inner\">\n\t\t<div class=\"elementor-element elementor-element-761b28c2 e-con-full e-flex elementor-invisible e-con e-child\" data-id=\"761b28c2\" data-element_type=\"container\" data-e-type=\"container\" data-settings=\"{&quot;animation&quot;:&quot;fadeInRight&quot;}\">\n\t\t\t\t<div class=\"elementor-element elementor-element-c3b8cf9 elementor-widget elementor-widget-menu-anchor\" data-id=\"c3b8cf9\" data-element_type=\"widget\" data-e-type=\"widget\" data-widget_type=\"menu-anchor.default\">\n\t\t\t\t<div class=\"elementor-widget-container\">\n\t\t\t\t\t\t\t<div class=\"elementor-menu-anchor\" id=\"suite\"><\/div>\n\t\t\t\t\t\t<\/div>\n\t\t\t\t<\/div>\n\t\t\t\t<div class=\"elementor-element elementor-element-45d03ca3 elementor-widget elementor-widget-heading\" data-id=\"45d03ca3\" data-element_type=\"widget\" data-e-type=\"widget\" data-widget_type=\"heading.default\">\n\t\t\t\t<div class=\"elementor-widget-container\">\n\t\t\t\t\t<h2 class=\"elementor-heading-title elementor-size-default\">Profil du Client :<\/h2>\t\t\t\t<\/div>\n\t\t\t\t<\/div>\n\t\t\t\t<div class=\"elementor-element elementor-element-6a451256 elementor-widget__width-initial elementor-widget elementor-widget-text-editor\" data-id=\"6a451256\" data-element_type=\"widget\" data-e-type=\"widget\" data-widget_type=\"text-editor.default\">\n\t\t\t\t<div class=\"elementor-widget-container\">\n\t\t\t\t\t\t\t\t\t<p class=\"p1\"><span style=\"color: #000000;\">Un fabricant multinational d&rsquo;\u00e9quipements de cuisine professionnelle op\u00e9rant dans 60 pays avec un <\/span><span style=\"color: #000000;\">chiffre d&rsquo;affaires annuel de 2,4 milliards de dollars.<\/span><\/p><p class=\"p1\"><strong><span style=\"color: #000000;\">D\u00e9fi :<\/span><\/strong><\/p><p class=\"p1\"><span style=\"color: #000000;\">Le client \u00e9tait confront\u00e9 \u00e0 :<\/span><\/p><p class=\"p1\"><span style=\"color: #000000;\">\u2022 <\/span><span style=\"color: #000000;\">Des primes ayant augment\u00e9 de 35 % sur trois ans en raison d&rsquo;\u00e9valuations des risques obsol\u00e8tes.<\/span><\/p><p class=\"p1\"><span style=\"color: #000000;\">\u2022 <\/span><span style=\"color: #000000;\">Des vuln\u00e9rabilit\u00e9s de la cha\u00eene d&rsquo;approvisionnement entra\u00eenant 3 millions de dollars de pertes non couvertes.<\/span><\/p><p class=\"p1\"><span style=\"color: #000000;\">\u2022 <\/span><span style=\"color: #000000;\">Une approche incoh\u00e9rente de l&rsquo;assurance sant\u00e9 et s\u00e9curit\u00e9 des employ\u00e9s, contribuant \u00e0 des taux \u00e9lev\u00e9s de rotation du personnel <\/span><span style=\"color: #000000;\">(25 % annuellement).<\/span><\/p>\t\t\t\t\t\t\t\t<\/div>\n\t\t\t\t<\/div>\n\t\t\t\t<div class=\"elementor-element elementor-element-32f29259 elementor-widget__width-initial elementor-widget elementor-widget-text-editor\" data-id=\"32f29259\" data-element_type=\"widget\" data-e-type=\"widget\" data-widget_type=\"text-editor.default\">\n\t\t\t\t<div class=\"elementor-widget-container\">\n\t\t\t\t\t\t\t\t\t<p class=\"p1\"><strong><span style=\"color: #000000;\">Solution :<\/span><\/strong><\/p><p class=\"p1\"><span style=\"color: #000000;\">\u2022 <\/span><span style=\"color: #000000;\">Couverture Personnalis\u00e9e : \u00c9laboration de polices sur mesure pour les risques de transport, les garanties d&rsquo;\u00e9quipement et la responsabilit\u00e9 <\/span><span style=\"color: #000000;\">produit pour les march\u00e9s mondiaux.<\/span><\/p><p class=\"p1\"><span style=\"color: #000000;\">\u2022 <\/span><span style=\"color: #000000;\">Gestion des Risques de la Cha\u00eene d&rsquo;Approvisionnement : Introduction d&rsquo;une couverture de bout en bout pour le transport et le stockage, prot\u00e9geant <\/span><span style=\"color: #000000;\">les marchandises en transit et r\u00e9duisant les pertes non assur\u00e9es de 2,5 millions de dollars.<\/span><\/p><p class=\"p1\"><span style=\"color: #000000;\">\u2022 <\/span><span style=\"color: #000000;\">Avantages Sociaux : Conception d&rsquo;une assurance sant\u00e9 et s\u00e9curit\u00e9 sur mesure pour r\u00e9duire les incidents sur le lieu de travail et <\/span><span style=\"color: #000000;\">am\u00e9liorer la satisfaction des employ\u00e9s.<\/span><\/p><p class=\"p1\"><span style=\"color: #000000;\">\u2022 <\/span><span style=\"color: #000000;\">N\u00e9gociation des Primes : Utilisation d&rsquo;informations de march\u00e9 pour n\u00e9gocier une r\u00e9duction de 21 % des primes aupr\u00e8s des assureurs.<\/span><\/p>\t\t\t\t\t\t\t\t<\/div>\n\t\t\t\t<\/div>\n\t\t\t\t<div class=\"elementor-element elementor-element-78941af5 elementor-widget__width-initial elementor-widget elementor-widget-text-editor\" data-id=\"78941af5\" data-element_type=\"widget\" data-e-type=\"widget\" data-widget_type=\"text-editor.default\">\n\t\t\t\t<div class=\"elementor-widget-container\">\n\t\t\t\t\t\t\t\t\t<p class=\"p1\"><strong><span style=\"color: #000000;\">R\u00e9sultats :<\/span><\/strong><\/p><p class=\"p1\"><span style=\"color: #000000;\">\u2022 <\/span><span style=\"color: #000000;\">\u00c9conomies de Co\u00fbts : R\u00e9duction des co\u00fbts annuels de primes de 4,2 millions de dollars.<\/span><\/p><p class=\"p1\"><span style=\"color: #000000;\">\u2022 <\/span><span style=\"color: #000000;\">S\u00e9curit\u00e9 de la Cha\u00eene d&rsquo;Approvisionnement : Att\u00e9nuation des risques de transit, pr\u00e9venant d&rsquo;autres pertes non couvertes.<\/span><\/p><p class=\"p1\"><span style=\"color: #000000;\">\u2022 <\/span><span style=\"color: #000000;\">R\u00e9tention des Employ\u00e9s : R\u00e9duction du taux de rotation \u00e0 15 % la premi\u00e8re ann\u00e9e en am\u00e9liorant les forfaits d&rsquo;avantages sociaux.<\/span><\/p><p class=\"p1\"><span style=\"color: #000000;\">\u2022 <\/span><span style=\"color: #000000;\">Couverture Globale : Assurance de la conformit\u00e9 et de la coh\u00e9rence \u00e0 l&rsquo;\u00e9chelle mondiale pour tous les contrats d&rsquo;assurance.<\/span><\/p>\t\t\t\t\t\t\t\t<\/div>\n\t\t\t\t<\/div>\n\t\t<div class=\"elementor-element elementor-element-7b8abbe1 e-con-full e-flex e-con e-child\" data-id=\"7b8abbe1\" data-element_type=\"container\" data-e-type=\"container\">\n\t\t<div class=\"elementor-element elementor-element-18052d7a e-con-full e-flex e-con e-child\" data-id=\"18052d7a\" data-element_type=\"container\" data-e-type=\"container\">\n\t\t\t\t<div class=\"elementor-element elementor-element-6b1f76d7 elementor-widget__width-initial elementor-widget elementor-widget-text-editor\" data-id=\"6b1f76d7\" data-element_type=\"widget\" data-e-type=\"widget\" data-widget_type=\"text-editor.default\">\n\t\t\t\t<div class=\"elementor-widget-container\">\n\t\t\t\t\t\t\t\t\t<p class=\"p1\"><strong><span style=\"color: #000000;\">T\u00e9moignage du Client :<\/span><\/strong><\/p><p class=\"p1\"><span style=\"color: #000000;\"><i>\u00ab\u00a0L&rsquo;expertise d&rsquo;Akila pour r\u00e9pondre aux d\u00e9fis uniques de notre secteur \u00e9tait extraordinaire. Ils ont transform\u00e9 une approche fragment\u00e9e   <\/i><\/span><span style=\"color: #000000;\"><i>en une solution rationalis\u00e9e et rentable.\u00a0\u00bb<\/i><\/span><\/p>\t\t\t\t\t\t\t\t<\/div>\n\t\t\t\t<\/div>\n\t\t\t\t<div class=\"elementor-element elementor-element-1ee16687 elementor-align-center elementor-widget__width-initial elementor-icon-list--layout-traditional elementor-list-item-link-full_width elementor-widget elementor-widget-icon-list\" data-id=\"1ee16687\" data-element_type=\"widget\" data-e-type=\"widget\" data-widget_type=\"icon-list.default\">\n\t\t\t\t<div class=\"elementor-widget-container\">\n\t\t\t\t\t\t\t<ul class=\"elementor-icon-list-items\">\n\t\t\t\t\t\t\t<li class=\"elementor-icon-list-item\">\n\t\t\t\t\t\t\t\t\t\t\t<span class=\"elementor-icon-list-icon\">\n\t\t\t\t\t\t\t<i aria-hidden=\"true\" class=\" icon_pin\"><\/i>\t\t\t\t\t\t<\/span>\n\t\t\t\t\t\t\t\t\t\t<span class=\"elementor-icon-list-text\">60 PAYS<\/span>\n\t\t\t\t\t\t\t\t\t<\/li>\n\t\t\t\t\t\t\t\t<li class=\"elementor-icon-list-item\">\n\t\t\t\t\t\t\t\t\t\t\t<span class=\"elementor-icon-list-icon\">\n\t\t\t\t\t\t\t<svg aria-hidden=\"true\" class=\"e-font-icon-svg e-fas-dollar-sign\" viewBox=\"0 0 288 512\" xmlns=\"http:\/\/www.w3.org\/2000\/svg\"><path d=\"M209.2 233.4l-108-31.6C88.7 198.2 80 186.5 80 173.5c0-16.3 13.2-29.5 29.5-29.5h66.3c12.2 0 24.2 3.7 34.2 10.5 6.1 4.1 14.3 3.1 19.5-2l34.8-34c7.1-6.9 6.1-18.4-1.8-24.5C238 74.8 207.4 64.1 176 64V16c0-8.8-7.2-16-16-16h-32c-8.8 0-16 7.2-16 16v48h-2.5C45.8 64-5.4 118.7.5 183.6c4.2 46.1 39.4 83.6 83.8 96.6l102.5 30c12.5 3.7 21.2 15.3 21.2 28.3 0 16.3-13.2 29.5-29.5 29.5h-66.3C100 368 88 364.3 78 357.5c-6.1-4.1-14.3-3.1-19.5 2l-34.8 34c-7.1 6.9-6.1 18.4 1.8 24.5 24.5 19.2 55.1 29.9 86.5 30v48c0 8.8 7.2 16 16 16h32c8.8 0 16-7.2 16-16v-48.2c46.6-.9 90.3-28.6 105.7-72.7 21.5-61.6-14.6-124.8-72.5-141.7z\"><\/path><\/svg>\t\t\t\t\t\t<\/span>\n\t\t\t\t\t\t\t\t\t\t<span class=\"elementor-icon-list-text\">2,4 Milliards<\/span>\n\t\t\t\t\t\t\t\t\t<\/li>\n\t\t\t\t\t\t<\/ul>\n\t\t\t\t\t\t<\/div>\n\t\t\t\t<\/div>\n\t\t\t\t<\/div>\n\t\t\t\t<div class=\"elementor-element elementor-element-7ccd932f elementor-widget elementor-widget-image\" data-id=\"7ccd932f\" data-element_type=\"widget\" data-e-type=\"widget\" data-widget_type=\"image.default\">\n\t\t\t\t<div class=\"elementor-widget-container\">\n\t\t\t\t\t\t\t\t\t\t\t\t\t\t\t<img fetchpriority=\"high\" decoding=\"async\" width=\"1000\" height=\"667\" src=\"https:\/\/akilaconsulting.com\/wp-content\/uploads\/2025\/01\/case-2.jpg\" class=\"attachment-full size-full wp-image-1896\" alt=\"\" srcset=\"https:\/\/akilaconsulting.com\/wp-content\/uploads\/2025\/01\/case-2.jpg 1000w, https:\/\/akilaconsulting.com\/wp-content\/uploads\/2025\/01\/case-2-300x200.jpg 300w, https:\/\/akilaconsulting.com\/wp-content\/uploads\/2025\/01\/case-2-768x512.jpg 768w\" sizes=\"(max-width: 1000px) 100vw, 1000px\" \/>\t\t\t\t\t\t\t\t\t\t\t\t\t\t\t<\/div>\n\t\t\t\t<\/div>\n\t\t\t\t<\/div>\n\t\t\t\t<\/div>\n\t\t\t\t\t<\/div>\n\t\t\t\t<\/div>\n\t\t<div class=\"elementor-element elementor-element-32e0f2a1 e-flex e-con-boxed e-con e-parent\" data-id=\"32e0f2a1\" data-element_type=\"container\" data-e-type=\"container\" data-settings=\"{&quot;background_background&quot;:&quot;classic&quot;}\">\n\t\t\t\t\t<div class=\"e-con-inner\">\n\t\t<div class=\"elementor-element elementor-element-650339f2 e-flex e-con-boxed e-con e-child\" data-id=\"650339f2\" data-element_type=\"container\" data-e-type=\"container\">\n\t\t\t\t\t<div class=\"e-con-inner\">\n\t\t\t\t<div class=\"elementor-element elementor-element-566928d7 elementor-widget elementor-widget-heading\" data-id=\"566928d7\" data-element_type=\"widget\" data-e-type=\"widget\" data-widget_type=\"heading.default\">\n\t\t\t\t<div class=\"elementor-widget-container\">\n\t\t\t\t\t<h2 class=\"elementor-heading-title elementor-size-default\">S\u00e9curisez votre entreprise d\u00e8s aujourd'hui<\/h2>\t\t\t\t<\/div>\n\t\t\t\t<\/div>\n\t\t\t\t<div class=\"elementor-element elementor-element-5329d378 elementor-align-center elementor-widget elementor-widget-button\" data-id=\"5329d378\" data-element_type=\"widget\" data-e-type=\"widget\" data-widget_type=\"button.default\">\n\t\t\t\t<div class=\"elementor-widget-container\">\n\t\t\t\t\t\t\t\t\t<div class=\"elementor-button-wrapper\">\n\t\t\t\t\t<a class=\"elementor-button elementor-button-link elementor-size-sm\" href=\"https:\/\/akilaconsulting.com\/fr\/contactez-nous\/\">\n\t\t\t\t\t\t<span class=\"elementor-button-content-wrapper\">\n\t\t\t\t\t\t\t\t\t<span class=\"elementor-button-text\">Nous contacter<\/span>\n\t\t\t\t\t<\/span>\n\t\t\t\t\t<\/a>\n\t\t\t\t<\/div>\n\t\t\t\t\t\t\t\t<\/div>\n\t\t\t\t<\/div>\n\t\t\t\t\t<\/div>\n\t\t\t\t<\/div>\n\t\t\t\t\t<\/div>\n\t\t\t\t<\/div>\n\t\t\t\t<\/div>\n\t\t","protected":false},"excerpt":{"rendered":"<p>Cas d&rsquo;Affaires Fabricant Leader de Services Alimentaires Professionnels Profil du Client : Un fabricant multinational d&rsquo;\u00e9quipements de cuisine professionnelle op\u00e9rant dans 60 pays avec un chiffre d&rsquo;affaires annuel de 2,4 milliards de dollars. D\u00e9fi : Le client \u00e9tait confront\u00e9 \u00e0 : \u2022 Des primes ayant augment\u00e9 de 35 % sur trois ans en raison d&rsquo;\u00e9valuations [&hellip;]<\/p>\n","protected":false},"author":1,"featured_media":0,"parent":0,"menu_order":0,"comment_status":"closed","ping_status":"closed","template":"elementor_header_footer","meta":{"footnotes":""},"class_list":["post-2031","page","type-page","status-publish","hentry"],"_links":{"self":[{"href":"https:\/\/akilaconsulting.com\/fr\/wp-json\/wp\/v2\/pages\/2031","targetHints":{"allow":["GET"]}}],"collection":[{"href":"https:\/\/akilaconsulting.com\/fr\/wp-json\/wp\/v2\/pages"}],"about":[{"href":"https:\/\/akilaconsulting.com\/fr\/wp-json\/wp\/v2\/types\/page"}],"author":[{"embeddable":true,"href":"https:\/\/akilaconsulting.com\/fr\/wp-json\/wp\/v2\/users\/1"}],"replies":[{"embeddable":true,"href":"https:\/\/akilaconsulting.com\/fr\/wp-json\/wp\/v2\/comments?post=2031"}],"version-history":[{"count":1,"href":"https:\/\/akilaconsulting.com\/fr\/wp-json\/wp\/v2\/pages\/2031\/revisions"}],"predecessor-version":[{"id":2032,"href":"https:\/\/akilaconsulting.com\/fr\/wp-json\/wp\/v2\/pages\/2031\/revisions\/2032"}],"wp:attachment":[{"href":"https:\/\/akilaconsulting.com\/fr\/wp-json\/wp\/v2\/media?parent=2031"}],"curies":[{"name":"wp","href":"https:\/\/api.w.org\/{rel}","templated":true}]}}