{"id":2025,"date":"2025-01-29T11:16:07","date_gmt":"2025-01-29T11:16:07","guid":{"rendered":"https:\/\/akilaconsulting.com\/cas-daffaires-1\/"},"modified":"2025-05-13T08:54:28","modified_gmt":"2025-05-13T08:54:28","slug":"cas-daffaires-1","status":"publish","type":"page","link":"https:\/\/akilaconsulting.com\/fr\/cas-daffaires-1\/","title":{"rendered":"Cas d&rsquo;Affaires 1"},"content":{"rendered":"\t\t<div data-elementor-type=\"wp-page\" data-elementor-id=\"2025\" class=\"elementor elementor-2025 elementor-767\" data-elementor-post-type=\"page\">\n\t\t\t\t<div class=\"elementor-element elementor-element-318a1f9b e-flex e-con-boxed e-con e-parent\" data-id=\"318a1f9b\" data-element_type=\"container\" data-e-type=\"container\" data-settings=\"{&quot;background_background&quot;:&quot;classic&quot;}\">\n\t\t\t\t\t<div class=\"e-con-inner\">\n\t\t<div class=\"elementor-element elementor-element-64b7f185 e-flex e-con-boxed e-con e-child\" data-id=\"64b7f185\" data-element_type=\"container\" data-e-type=\"container\">\n\t\t\t\t\t<div class=\"e-con-inner\">\n\t\t\t\t<div class=\"elementor-element elementor-element-4ccadc57 elementor-invisible elementor-widget elementor-widget-heading\" data-id=\"4ccadc57\" data-element_type=\"widget\" data-e-type=\"widget\" data-settings=\"{&quot;_animation&quot;:&quot;fadeInUp&quot;,&quot;_animation_delay&quot;:200}\" data-widget_type=\"heading.default\">\n\t\t\t\t<div class=\"elementor-widget-container\">\n\t\t\t\t\t<h1 class=\"elementor-heading-title elementor-size-default\">Cas d'Affaires <\/h1>\t\t\t\t<\/div>\n\t\t\t\t<\/div>\n\t\t\t\t<div class=\"elementor-element elementor-element-55a5cb07 elementor-invisible elementor-widget elementor-widget-heading\" data-id=\"55a5cb07\" data-element_type=\"widget\" data-e-type=\"widget\" data-settings=\"{&quot;_animation&quot;:&quot;fadeInUp&quot;,&quot;_animation_delay&quot;:300}\" data-widget_type=\"heading.default\">\n\t\t\t\t<div class=\"elementor-widget-container\">\n\t\t\t\t\t<h2 class=\"elementor-heading-title elementor-size-default\">Cha\u00eene H\u00f4teli\u00e8re Mondiale<\/h2>\t\t\t\t<\/div>\n\t\t\t\t<\/div>\n\t\t\t\t<div class=\"elementor-element elementor-element-a282244 elementor-widget__width-inherit elementor-widget elementor-widget-global elementor-global-1434 elementor-widget-image\" data-id=\"a282244\" data-element_type=\"widget\" data-e-type=\"widget\" data-widget_type=\"image.default\">\n\t\t\t\t<div class=\"elementor-widget-container\">\n\t\t\t\t\t\t\t\t\t\t\t\t\t\t\t\t<a href=\"#suite\">\n\t\t\t\t\t\t\t<img decoding=\"async\" src=\"http:\/\/akilaconsulting.com\/wp-content\/uploads\/2025\/03\/Downward-Arrows-1.gif\" title=\"\" alt=\"\" loading=\"lazy\" \/>\t\t\t\t\t\t\t\t<\/a>\n\t\t\t\t\t\t\t\t\t\t\t\t\t\t\t<\/div>\n\t\t\t\t<\/div>\n\t\t\t\t\t<\/div>\n\t\t\t\t<\/div>\n\t\t\t\t\t<\/div>\n\t\t\t\t<\/div>\n\t\t<div class=\"elementor-element elementor-element-4261a7b e-flex e-con-boxed e-con e-parent\" data-id=\"4261a7b\" data-element_type=\"container\" data-e-type=\"container\">\n\t\t\t\t\t<div class=\"e-con-inner\">\n\t\t<div class=\"elementor-element elementor-element-3c7ac3c2 e-con-full e-flex elementor-invisible e-con e-child\" data-id=\"3c7ac3c2\" data-element_type=\"container\" data-e-type=\"container\" data-settings=\"{&quot;animation&quot;:&quot;fadeInRight&quot;}\">\n\t\t\t\t<div class=\"elementor-element elementor-element-d668144 elementor-widget elementor-widget-menu-anchor\" data-id=\"d668144\" data-element_type=\"widget\" data-e-type=\"widget\" data-widget_type=\"menu-anchor.default\">\n\t\t\t\t<div class=\"elementor-widget-container\">\n\t\t\t\t\t\t\t<div class=\"elementor-menu-anchor\" id=\"suite\"><\/div>\n\t\t\t\t\t\t<\/div>\n\t\t\t\t<\/div>\n\t\t\t\t<div class=\"elementor-element elementor-element-5424bece elementor-widget elementor-widget-heading\" data-id=\"5424bece\" data-element_type=\"widget\" data-e-type=\"widget\" data-widget_type=\"heading.default\">\n\t\t\t\t<div class=\"elementor-widget-container\">\n\t\t\t\t\t<h2 class=\"elementor-heading-title elementor-size-default\">Profil du Client :<\/h2>\t\t\t\t<\/div>\n\t\t\t\t<\/div>\n\t\t\t\t<div class=\"elementor-element elementor-element-56a261a1 elementor-widget__width-initial elementor-widget elementor-widget-text-editor\" data-id=\"56a261a1\" data-element_type=\"widget\" data-e-type=\"widget\" data-widget_type=\"text-editor.default\">\n\t\t\t\t<div class=\"elementor-widget-container\">\n\t\t\t\t\t\t\t\t\t<p class=\"p1\"><span style=\"color: #000000;\">Une cha\u00eene d&rsquo;h\u00f4tels de luxe comptant 200 propri\u00e9t\u00e9s r\u00e9parties dans 40 pays, employant 45 000 membres du personnel.<\/span><\/p><p class=\"p1\"><strong><span style=\"color: #000000;\">D\u00e9fi :<\/span><\/strong><\/p><p class=\"p1\"><span style=\"color: #000000;\">Le client \u00e9tait confront\u00e9 \u00e0 des polices d&rsquo;assurance fragment\u00e9es g\u00e9r\u00e9es r\u00e9gionalement, entra\u00eenant :<\/span><\/p><p class=\"p1\"><span style=\"color: #000000;\">\u2022 <\/span><span style=\"color: #000000;\">Des primes 30% plus \u00e9lev\u00e9es en raison de conditions incoh\u00e9rentes entre les r\u00e9gions.<\/span><\/p><p class=\"p1\"><span style=\"color: #000000;\">\u2022 <\/span><span style=\"color: #000000;\">Des lacunes dans la couverture de responsabilit\u00e9 civile et de dommages aux biens.<\/span><\/p><p class=\"p1\"><span style=\"color: #000000;\">\u2022 <\/span><span style=\"color: #000000;\">Des difficult\u00e9s dans le suivi des r\u00e9clamations, causant des retards dans les versements.<\/span><\/p><p class=\"p1\"><span style=\"color: #000000;\">Ils recherchaient une gestion centralis\u00e9e, une couverture am\u00e9lior\u00e9e et une optimisation des co\u00fbts pour s&rsquo;aligner sur leurs <\/span><span style=\"color: #000000;\">op\u00e9rations mondiales.<\/span><\/p>\t\t\t\t\t\t\t\t<\/div>\n\t\t\t\t<\/div>\n\t\t\t\t<div class=\"elementor-element elementor-element-71976e8 elementor-widget__width-initial elementor-widget elementor-widget-text-editor\" data-id=\"71976e8\" data-element_type=\"widget\" data-e-type=\"widget\" data-widget_type=\"text-editor.default\">\n\t\t\t\t<div class=\"elementor-widget-container\">\n\t\t\t\t\t\t\t\t\t<p class=\"p1\"><strong><span style=\"color: #000000;\">Solution :<\/span><\/strong><\/p><p class=\"p1\"><span style=\"color: #000000;\">\u2022 <\/span><span style=\"color: #000000;\">Audit : R\u00e9alisation d&rsquo;un examen \u00e0 360\u00b0 de plus de 120 contrats d&rsquo;assurance, identifiant les redondances et <\/span><span style=\"color: #000000;\">les incoh\u00e9rences.<\/span><\/p><p class=\"p1\"><span style=\"color: #000000;\">\u2022 <\/span><span style=\"color: #000000;\">Analyse Comparative du March\u00e9 : Comparaison des polices existantes avec les normes les plus r\u00e9centes du secteur h\u00f4telier, <\/span><span style=\"color: #000000;\">r\u00e9v\u00e9lant des opportunit\u00e9s d&rsquo;am\u00e9lioration de la couverture.<\/span><\/p><p class=\"p1\"><span style=\"color: #000000;\">\u2022 <\/span><span style=\"color: #000000;\">N\u00e9gociation : Partenariat avec des assureurs internationaux et r\u00e9gionaux pour consolider les polices sous un <\/span><span style=\"color: #000000;\">contrat-cadre global avec des avenants locaux sur mesure.<\/span><\/p><p class=\"p1\"><span style=\"color: #000000;\">\u2022 <\/span><span style=\"color: #000000;\">\u00c9valuation des Risques : Mise en place d&rsquo;outils pour \u00e9valuer r\u00e9guli\u00e8rement les risques de responsabilit\u00e9 propres \u00e0 l&rsquo;h\u00f4tellerie, tels<\/span><\/p><p class=\"p1\"><span style=\"color: #000000;\">que les incidents impliquant des clients et les dommages mat\u00e9riels.<\/span><\/p>\t\t\t\t\t\t\t\t<\/div>\n\t\t\t\t<\/div>\n\t\t\t\t<div class=\"elementor-element elementor-element-c846372 elementor-widget__width-initial elementor-widget elementor-widget-text-editor\" data-id=\"c846372\" data-element_type=\"widget\" data-e-type=\"widget\" data-widget_type=\"text-editor.default\">\n\t\t\t\t<div class=\"elementor-widget-container\">\n\t\t\t\t\t\t\t\t\t<p class=\"p1\"><strong><span style=\"color: #000000;\">R\u00e9sultats :<\/span><\/strong><\/p><p class=\"p1\"><span style=\"color: #000000;\">\u2022 <\/span><span style=\"color: #000000;\">\u00c9conomies de Co\u00fbts : R\u00e9duction des primes de 25%, permettant une \u00e9conomie annuelle de 6,8 millions de dollars.<\/span><\/p><p class=\"p1\"><span style=\"color: #000000;\">\u2022 <\/span><span style=\"color: #000000;\">Am\u00e9lioration de la Couverture : Ajout d&rsquo;une protection mondiale contre les pand\u00e9mies, d&rsquo;une responsabilit\u00e9 cyber et am\u00e9lioration des <\/span><span style=\"color: #000000;\">clauses de dommages mat\u00e9riels.<\/span><\/p><p class=\"p1\"><span style=\"color: #000000;\">\u2022 <\/span><span style=\"color: #000000;\">Efficacit\u00e9 des Processus : R\u00e9duction du temps de traitement des r\u00e9clamations de 40%, am\u00e9liorant la pr\u00e9visibilit\u00e9 financi\u00e8re.<\/span><\/p><p class=\"p1\"><span style=\"color: #000000;\">\u2022 <\/span><span style=\"color: #000000;\">Conformit\u00e9 : Standardisation des polices dans toutes les r\u00e9gions, assurant une conformit\u00e9 r\u00e9glementaire totale.<\/span><\/p>\t\t\t\t\t\t\t\t<\/div>\n\t\t\t\t<\/div>\n\t\t<div class=\"elementor-element elementor-element-2da44e2 e-con-full e-flex e-con e-child\" data-id=\"2da44e2\" data-element_type=\"container\" data-e-type=\"container\">\n\t\t<div class=\"elementor-element elementor-element-5cf88c3 e-con-full e-flex e-con e-child\" data-id=\"5cf88c3\" data-element_type=\"container\" data-e-type=\"container\">\n\t\t\t\t<div class=\"elementor-element elementor-element-328d041 elementor-widget__width-initial elementor-widget elementor-widget-text-editor\" data-id=\"328d041\" data-element_type=\"widget\" data-e-type=\"widget\" data-widget_type=\"text-editor.default\">\n\t\t\t\t<div class=\"elementor-widget-container\">\n\t\t\t\t\t\t\t\t\t<p class=\"p1\"><strong><span style=\"color: #000000;\">T\u00e9moignage du Client :<\/span><\/strong><\/p><p class=\"p1\"><span style=\"color: #000000;\"><i>\u00ab\u00a0La capacit\u00e9 d&rsquo;Akila \u00e0 unifier nos besoins d&rsquo;assurance mondiaux en une solution rationalis\u00e9e nous a permis d&rsquo;\u00e9conomiser des millions et<\/i><\/span><\/p><p class=\"p1\"><span style=\"color: #000000;\"><i>nous a fourni la protection dont nous avions besoin pour op\u00e9rer en toute confiance \u00e0 l&rsquo;\u00e9chelle mondiale.\u00a0\u00bb<\/i><\/span><\/p>\t\t\t\t\t\t\t\t<\/div>\n\t\t\t\t<\/div>\n\t\t\t\t<div class=\"elementor-element elementor-element-2bb34f3 elementor-align-center elementor-widget__width-initial elementor-icon-list--layout-traditional elementor-list-item-link-full_width elementor-widget elementor-widget-icon-list\" data-id=\"2bb34f3\" data-element_type=\"widget\" data-e-type=\"widget\" data-widget_type=\"icon-list.default\">\n\t\t\t\t<div class=\"elementor-widget-container\">\n\t\t\t\t\t\t\t<ul class=\"elementor-icon-list-items\">\n\t\t\t\t\t\t\t<li class=\"elementor-icon-list-item\">\n\t\t\t\t\t\t\t\t\t\t\t<span class=\"elementor-icon-list-icon\">\n\t\t\t\t\t\t\t<svg aria-hidden=\"true\" class=\"e-font-icon-svg e-fas-house-damage\" viewBox=\"0 0 576 512\" xmlns=\"http:\/\/www.w3.org\/2000\/svg\"><path d=\"M288 114.96L69.47 307.71c-1.62 1.46-3.69 2.14-5.47 3.35V496c0 8.84 7.16 16 16 16h149.23L192 439.19l104.11-64-60.16-119.22L384 392.75l-104.11 64L319.81 512H496c8.84 0 16-7.16 16-16V311.1c-1.7-1.16-3.72-1.82-5.26-3.2L288 114.96zm282.69 121.32L512 184.45V48c0-8.84-7.16-16-16-16h-64c-8.84 0-16 7.16-16 16v51.69L314.75 10.31C307.12 3.45 297.56.01 288 0s-19.1 3.41-26.7 10.27L5.31 236.28c-6.57 5.91-7.12 16.02-1.21 22.6l21.4 23.82c5.9 6.57 16.02 7.12 22.6 1.21L277.42 81.63c6.05-5.33 15.12-5.33 21.17 0L527.91 283.9c6.57 5.9 16.69 5.36 22.6-1.21l21.4-23.82c5.9-6.57 5.36-16.69-1.22-22.59z\"><\/path><\/svg>\t\t\t\t\t\t<\/span>\n\t\t\t\t\t\t\t\t\t\t<span class=\"elementor-icon-list-text\">200 PROPRI\u00c9T\u00c9S<\/span>\n\t\t\t\t\t\t\t\t\t<\/li>\n\t\t\t\t\t\t\t\t<li class=\"elementor-icon-list-item\">\n\t\t\t\t\t\t\t\t\t\t\t<span class=\"elementor-icon-list-icon\">\n\t\t\t\t\t\t\t<i aria-hidden=\"true\" class=\" icon_pin\"><\/i>\t\t\t\t\t\t<\/span>\n\t\t\t\t\t\t\t\t\t\t<span class=\"elementor-icon-list-text\">40 PAYS<\/span>\n\t\t\t\t\t\t\t\t\t<\/li>\n\t\t\t\t\t\t\t\t<li class=\"elementor-icon-list-item\">\n\t\t\t\t\t\t\t\t\t\t\t<span class=\"elementor-icon-list-icon\">\n\t\t\t\t\t\t\t<svg aria-hidden=\"true\" class=\"e-font-icon-svg e-fas-users\" viewBox=\"0 0 640 512\" xmlns=\"http:\/\/www.w3.org\/2000\/svg\"><path d=\"M96 224c35.3 0 64-28.7 64-64s-28.7-64-64-64-64 28.7-64 64 28.7 64 64 64zm448 0c35.3 0 64-28.7 64-64s-28.7-64-64-64-64 28.7-64 64 28.7 64 64 64zm32 32h-64c-17.6 0-33.5 7.1-45.1 18.6 40.3 22.1 68.9 62 75.1 109.4h66c17.7 0 32-14.3 32-32v-32c0-35.3-28.7-64-64-64zm-256 0c61.9 0 112-50.1 112-112S381.9 32 320 32 208 82.1 208 144s50.1 112 112 112zm76.8 32h-8.3c-20.8 10-43.9 16-68.5 16s-47.6-6-68.5-16h-8.3C179.6 288 128 339.6 128 403.2V432c0 26.5 21.5 48 48 48h288c26.5 0 48-21.5 48-48v-28.8c0-63.6-51.6-115.2-115.2-115.2zm-223.7-13.4C161.5 263.1 145.6 256 128 256H64c-35.3 0-64 28.7-64 64v32c0 17.7 14.3 32 32 32h65.9c6.3-47.4 34.9-87.3 75.2-109.4z\"><\/path><\/svg>\t\t\t\t\t\t<\/span>\n\t\t\t\t\t\t\t\t\t\t<span class=\"elementor-icon-list-text\">45 000 MEMBRES DU PERSONNEL<\/span>\n\t\t\t\t\t\t\t\t\t<\/li>\n\t\t\t\t\t\t<\/ul>\n\t\t\t\t\t\t<\/div>\n\t\t\t\t<\/div>\n\t\t\t\t<\/div>\n\t\t\t\t<div class=\"elementor-element elementor-element-68d5967 elementor-widget elementor-widget-image\" data-id=\"68d5967\" data-element_type=\"widget\" data-e-type=\"widget\" data-widget_type=\"image.default\">\n\t\t\t\t<div class=\"elementor-widget-container\">\n\t\t\t\t\t\t\t\t\t\t\t\t\t\t\t<img fetchpriority=\"high\" decoding=\"async\" width=\"1000\" height=\"667\" src=\"https:\/\/akilaconsulting.com\/wp-content\/uploads\/2025\/01\/case-1.jpg\" class=\"attachment-full size-full wp-image-1894\" alt=\"\" srcset=\"https:\/\/akilaconsulting.com\/wp-content\/uploads\/2025\/01\/case-1.jpg 1000w, https:\/\/akilaconsulting.com\/wp-content\/uploads\/2025\/01\/case-1-300x200.jpg 300w, https:\/\/akilaconsulting.com\/wp-content\/uploads\/2025\/01\/case-1-768x512.jpg 768w\" sizes=\"(max-width: 1000px) 100vw, 1000px\" \/>\t\t\t\t\t\t\t\t\t\t\t\t\t\t\t<\/div>\n\t\t\t\t<\/div>\n\t\t\t\t<\/div>\n\t\t\t\t<\/div>\n\t\t\t\t\t<\/div>\n\t\t\t\t<\/div>\n\t\t<div class=\"elementor-element elementor-element-788671a7 e-flex e-con-boxed e-con e-parent\" data-id=\"788671a7\" data-element_type=\"container\" data-e-type=\"container\" data-settings=\"{&quot;background_background&quot;:&quot;classic&quot;}\">\n\t\t\t\t\t<div class=\"e-con-inner\">\n\t\t<div class=\"elementor-element elementor-element-1295967 e-flex e-con-boxed e-con e-child\" data-id=\"1295967\" data-element_type=\"container\" data-e-type=\"container\">\n\t\t\t\t\t<div class=\"e-con-inner\">\n\t\t\t\t<div class=\"elementor-element elementor-element-56d9dbbe elementor-widget elementor-widget-heading\" data-id=\"56d9dbbe\" data-element_type=\"widget\" data-e-type=\"widget\" data-widget_type=\"heading.default\">\n\t\t\t\t<div class=\"elementor-widget-container\">\n\t\t\t\t\t<h2 class=\"elementor-heading-title elementor-size-default\">D\u00e9couvrez Combien Vous Pourriez \u00c9conomiser<\/h2>\t\t\t\t<\/div>\n\t\t\t\t<\/div>\n\t\t\t\t<div class=\"elementor-element elementor-element-3f2e03bb elementor-align-center elementor-widget elementor-widget-button\" data-id=\"3f2e03bb\" data-element_type=\"widget\" data-e-type=\"widget\" data-widget_type=\"button.default\">\n\t\t\t\t<div class=\"elementor-widget-container\">\n\t\t\t\t\t\t\t\t\t<div class=\"elementor-button-wrapper\">\n\t\t\t\t\t<a class=\"elementor-button elementor-button-link elementor-size-sm\" href=\"https:\/\/akilaconsulting.com\/fr\/contactez-nous\/\">\n\t\t\t\t\t\t<span class=\"elementor-button-content-wrapper\">\n\t\t\t\t\t\t\t\t\t<span class=\"elementor-button-text\">Nous contacter<\/span>\n\t\t\t\t\t<\/span>\n\t\t\t\t\t<\/a>\n\t\t\t\t<\/div>\n\t\t\t\t\t\t\t\t<\/div>\n\t\t\t\t<\/div>\n\t\t\t\t\t<\/div>\n\t\t\t\t<\/div>\n\t\t\t\t\t<\/div>\n\t\t\t\t<\/div>\n\t\t\t\t<\/div>\n\t\t","protected":false},"excerpt":{"rendered":"<p>Cas d&rsquo;Affaires Cha\u00eene H\u00f4teli\u00e8re Mondiale Profil du Client : Une cha\u00eene d&rsquo;h\u00f4tels de luxe comptant 200 propri\u00e9t\u00e9s r\u00e9parties dans 40 pays, employant 45 000 membres du personnel. D\u00e9fi : Le client \u00e9tait confront\u00e9 \u00e0 des polices d&rsquo;assurance fragment\u00e9es g\u00e9r\u00e9es r\u00e9gionalement, entra\u00eenant : \u2022 Des primes 30% plus \u00e9lev\u00e9es en raison de conditions incoh\u00e9rentes entre les [&hellip;]<\/p>\n","protected":false},"author":1,"featured_media":0,"parent":0,"menu_order":0,"comment_status":"closed","ping_status":"closed","template":"elementor_header_footer","meta":{"footnotes":""},"class_list":["post-2025","page","type-page","status-publish","hentry"],"_links":{"self":[{"href":"https:\/\/akilaconsulting.com\/fr\/wp-json\/wp\/v2\/pages\/2025","targetHints":{"allow":["GET"]}}],"collection":[{"href":"https:\/\/akilaconsulting.com\/fr\/wp-json\/wp\/v2\/pages"}],"about":[{"href":"https:\/\/akilaconsulting.com\/fr\/wp-json\/wp\/v2\/types\/page"}],"author":[{"embeddable":true,"href":"https:\/\/akilaconsulting.com\/fr\/wp-json\/wp\/v2\/users\/1"}],"replies":[{"embeddable":true,"href":"https:\/\/akilaconsulting.com\/fr\/wp-json\/wp\/v2\/comments?post=2025"}],"version-history":[{"count":1,"href":"https:\/\/akilaconsulting.com\/fr\/wp-json\/wp\/v2\/pages\/2025\/revisions"}],"predecessor-version":[{"id":2026,"href":"https:\/\/akilaconsulting.com\/fr\/wp-json\/wp\/v2\/pages\/2025\/revisions\/2026"}],"wp:attachment":[{"href":"https:\/\/akilaconsulting.com\/fr\/wp-json\/wp\/v2\/media?parent=2025"}],"curies":[{"name":"wp","href":"https:\/\/api.w.org\/{rel}","templated":true}]}}